{"id":24,"date":"2023-12-08T09:10:40","date_gmt":"2023-12-08T08:10:40","guid":{"rendered":"https:\/\/atina-flos.pl\/?page_id=24"},"modified":"2024-01-23T22:11:45","modified_gmt":"2024-01-23T21:11:45","slug":"home","status":"publish","type":"page","link":"https:\/\/atina-flos.pl\/","title":{"rendered":"Home"},"content":{"rendered":"\t\t<div data-elementor-type=\"wp-page\" data-elementor-id=\"24\" class=\"elementor elementor-24\" data-elementor-post-type=\"page\">\n\t\t\t\t<div class=\"elementor-element elementor-element-37558d3 e-con-full e-flex e-con e-parent\" data-id=\"37558d3\" data-element_type=\"container\">\n\t\t\t\t<div class=\"elementor-element elementor-element-55d7c2d elementor--h-position-center elementor--v-position-middle elementor-widget elementor-widget-slides\" data-id=\"55d7c2d\" data-element_type=\"widget\" data-settings=\"{&quot;navigation&quot;:&quot;none&quot;,&quot;autoplay&quot;:&quot;yes&quot;,&quot;pause_on_hover&quot;:&quot;yes&quot;,&quot;pause_on_interaction&quot;:&quot;yes&quot;,&quot;autoplay_speed&quot;:5000,&quot;infinite&quot;:&quot;yes&quot;,&quot;transition&quot;:&quot;slide&quot;,&quot;transition_speed&quot;:500}\" data-widget_type=\"slides.default\">\n\t\t\t\t<div class=\"elementor-widget-container\">\n\t\t\t\t\t\t\t<div class=\"elementor-swiper\">\n\t\t\t<div class=\"elementor-slides-wrapper elementor-main-swiper swiper\" dir=\"ltr\" data-animation=\"fadeInUp\">\n\t\t\t\t<div class=\"swiper-wrapper elementor-slides\">\n\t\t\t\t\t\t\t\t\t\t<div class=\"elementor-repeater-item-805c0f2 swiper-slide\"><div class=\"swiper-slide-bg\" role=\"img\"><\/div><div class=\"elementor-background-overlay\"><\/div><div class=\"swiper-slide-inner\" ><div class=\"swiper-slide-contents\"><div class=\"elementor-slide-heading\">Kwiaciarnia Atina Flos<\/div><div class=\"elementor-slide-description\">Kwiaciarnia blisko Ciebie<\/div><\/div><\/div><\/div>\t\t\t\t<\/div>\n\t\t\t\t\t\t\t<\/div>\n\t\t<\/div>\n\t\t\t\t\t\t<\/div>\n\t\t\t\t<\/div>\n\t\t\t\t<\/div>\n\t\t<div class=\"elementor-element elementor-element-69f7ef5 e-flex e-con-boxed e-con e-parent\" data-id=\"69f7ef5\" data-element_type=\"container\" data-settings=\"{&quot;background_background&quot;:&quot;classic&quot;}\">\n\t\t\t\t\t<div class=\"e-con-inner\">\n\t\t<div class=\"elementor-element elementor-element-afa8777 e-flex e-con-boxed e-con e-child\" data-id=\"afa8777\" data-element_type=\"container\" data-settings=\"{&quot;background_background&quot;:&quot;classic&quot;}\">\n\t\t\t\t\t<div class=\"e-con-inner\">\n\t\t\t\t<div class=\"elementor-element elementor-element-733d7d4 elementor-widget elementor-widget-heading\" data-id=\"733d7d4\" data-element_type=\"widget\" data-widget_type=\"heading.default\">\n\t\t\t\t<div class=\"elementor-widget-container\">\n\t\t\t\t\t<h2 class=\"elementor-heading-title elementor-size-default\">Atina - Flos <\/br>pasja do florystyki<\/h2>\t\t\t\t<\/div>\n\t\t\t\t<\/div>\n\t\t\t\t<div class=\"elementor-element elementor-element-b9a5234 elementor-widget__width-initial elementor-widget elementor-widget-text-editor\" data-id=\"b9a5234\" data-element_type=\"widget\" data-widget_type=\"text-editor.default\">\n\t\t\t\t<div class=\"elementor-widget-container\">\n\t\t\t\t\t\t\t\t\t<p>Kwiaty, k\u0142osy, kamienie, mchy, nawet skorupki ptasich jaj czy przydro\u017cne patyki bywaj\u0105 dla mnie inspiracj\u0105 do tworzenia niecodziennych kompozycji, bukiet\u00f3w, stroik\u00f3w. Czasem szukam natchnienia w parku, nad rzek\u0105, w brzozowym zagajniku, innym razem w centrum miejskiej metropolii. Jednak niezale\u017cnie od \u017ar\u00f3d\u0142a inspiracji, zawsze staram si\u0119 aby moje prace &#8211; ciekawe i niebanalne.<\/p>\t\t\t\t\t\t\t\t<\/div>\n\t\t\t\t<\/div>\n\t\t\t\t\t<\/div>\n\t\t\t\t<\/div>\n\t\t\t\t\t<\/div>\n\t\t\t\t<\/div>\n\t\t<div class=\"elementor-element elementor-element-2c49b21 e-flex e-con-boxed e-con e-parent\" data-id=\"2c49b21\" data-element_type=\"container\" data-settings=\"{&quot;background_background&quot;:&quot;classic&quot;}\">\n\t\t\t\t\t<div class=\"e-con-inner\">\n\t\t<a class=\"elementor-element elementor-element-ab729ec e-flex e-con-boxed e-con e-child\" data-id=\"ab729ec\" data-element_type=\"container\" data-settings=\"{&quot;background_background&quot;:&quot;classic&quot;}\" href=\"https:\/\/atina-flos.pl\/?page_id=194\">\n\t\t\t\t\t<div class=\"e-con-inner\">\n\t\t\t\t<div class=\"elementor-element elementor-element-7a4b03c elementor-widget__width-initial elementor-widget elementor-widget-image-box\" data-id=\"7a4b03c\" data-element_type=\"widget\" data-widget_type=\"image-box.default\">\n\t\t\t\t<div class=\"elementor-widget-container\">\n\t\t\t\t\t<div class=\"elementor-image-box-wrapper\"><div class=\"elementor-image-box-content\"><h3 class=\"elementor-image-box-title\">Bukiety<\/h3><p class=\"elementor-image-box-description\">Nowo\u015bci<\/p><\/div><\/div>\t\t\t\t<\/div>\n\t\t\t\t<\/div>\n\t\t\t\t\t<\/div>\n\t\t\t\t<\/a>\n\t\t<a class=\"elementor-element elementor-element-f3d4839 e-flex e-con-boxed e-con e-child\" data-id=\"f3d4839\" data-element_type=\"container\" data-settings=\"{&quot;background_background&quot;:&quot;classic&quot;}\" href=\"https:\/\/atina-flos.pl\/?page_id=234\">\n\t\t\t\t\t<div class=\"e-con-inner\">\n\t\t\t\t<div class=\"elementor-element elementor-element-969b27b elementor-widget__width-initial elementor-widget elementor-widget-image-box\" data-id=\"969b27b\" data-element_type=\"widget\" data-widget_type=\"image-box.default\">\n\t\t\t\t<div class=\"elementor-widget-container\">\n\t\t\t\t\t<div class=\"elementor-image-box-wrapper\"><div class=\"elementor-image-box-content\"><h3 class=\"elementor-image-box-title\">Dekoracje \u015blubne<\/h3><p class=\"elementor-image-box-description\">Nowo\u015bci<\/p><\/div><\/div>\t\t\t\t<\/div>\n\t\t\t\t<\/div>\n\t\t\t\t\t<\/div>\n\t\t\t\t<\/a>\n\t\t<a class=\"elementor-element elementor-element-e0c8923 e-flex e-con-boxed e-con e-child\" data-id=\"e0c8923\" data-element_type=\"container\" data-settings=\"{&quot;background_background&quot;:&quot;classic&quot;}\" href=\"https:\/\/atina-flos.pl\/?page_id=299\">\n\t\t\t\t\t<div class=\"e-con-inner\">\n\t\t\t\t<div class=\"elementor-element elementor-element-b0a039e elementor-widget__width-initial elementor-widget elementor-widget-image-box\" data-id=\"b0a039e\" data-element_type=\"widget\" data-widget_type=\"image-box.default\">\n\t\t\t\t<div class=\"elementor-widget-container\">\n\t\t\t\t\t<div class=\"elementor-image-box-wrapper\"><div class=\"elementor-image-box-content\"><h3 class=\"elementor-image-box-title\">Florystyka pogrzebowa<\/h3><p class=\"elementor-image-box-description\">Nowo\u015bci<\/p><\/div><\/div>\t\t\t\t<\/div>\n\t\t\t\t<\/div>\n\t\t\t\t\t<\/div>\n\t\t\t\t<\/a>\n\t\t\t\t\t<\/div>\n\t\t\t\t<\/div>\n\t\t<div class=\"elementor-element elementor-element-7d4d28b e-con-full e-flex e-con e-parent\" data-id=\"7d4d28b\" data-element_type=\"container\">\n\t\t<div class=\"elementor-element elementor-element-43b714f e-con-full e-flex e-con e-child\" data-id=\"43b714f\" data-element_type=\"container\" data-settings=\"{&quot;background_background&quot;:&quot;classic&quot;}\">\n\t\t\t\t<div class=\"elementor-element elementor-element-a5c4d74 elementor-widget elementor-widget-heading\" data-id=\"a5c4d74\" data-element_type=\"widget\" data-widget_type=\"heading.default\">\n\t\t\t\t<div class=\"elementor-widget-container\">\n\t\t\t\t\t<h2 class=\"elementor-heading-title elementor-size-default\">Kwiaciarnia blisko<br> Ciebie - Atina Flos<\/h2>\t\t\t\t<\/div>\n\t\t\t\t<\/div>\n\t\t\t\t<div class=\"elementor-element elementor-element-f7c735f elementor-widget__width-initial elementor-widget elementor-widget-text-editor\" data-id=\"f7c735f\" data-element_type=\"widget\" data-widget_type=\"text-editor.default\">\n\t\t\t\t<div class=\"elementor-widget-container\">\n\t\t\t\t\t\t\t\t\t<p>Przyjd\u017a do naszej kwiaciarni i zobacz jakie kompozycje mo\u017cemy przygotowa\u0107 dla Ciebie i Twoich bliskich!<\/p>\t\t\t\t\t\t\t\t<\/div>\n\t\t\t\t<\/div>\n\t\t\t\t<div class=\"elementor-element elementor-element-9ae4d15 elementor-widget elementor-widget-button\" data-id=\"9ae4d15\" data-element_type=\"widget\" data-widget_type=\"button.default\">\n\t\t\t\t<div class=\"elementor-widget-container\">\n\t\t\t\t\t\t\t\t\t<div class=\"elementor-button-wrapper\">\n\t\t\t\t\t<a class=\"elementor-button elementor-button-link elementor-size-md\" href=\"https:\/\/maps.app.goo.gl\/ZHgLGbMPJAuMRXddA\">\n\t\t\t\t\t\t<span class=\"elementor-button-content-wrapper\">\n\t\t\t\t\t\t\t\t\t<span class=\"elementor-button-text\">Trasa do nas<\/span>\n\t\t\t\t\t<\/span>\n\t\t\t\t\t<\/a>\n\t\t\t\t<\/div>\n\t\t\t\t\t\t\t\t<\/div>\n\t\t\t\t<\/div>\n\t\t\t\t<\/div>\n\t\t<div class=\"elementor-element elementor-element-f3e8e7e e-con-full e-flex e-con e-child\" data-id=\"f3e8e7e\" data-element_type=\"container\">\n\t\t\t\t<div class=\"elementor-element elementor-element-f7e91ff elementor-widget elementor-widget-image\" data-id=\"f7e91ff\" data-element_type=\"widget\" data-widget_type=\"image.default\">\n\t\t\t\t<div class=\"elementor-widget-container\">\n\t\t\t\t\t\t\t\t\t\t\t\t\t\t\t<img fetchpriority=\"high\" decoding=\"async\" width=\"800\" height=\"534\" src=\"https:\/\/atina-flos.pl\/wp-content\/uploads\/2023\/12\/shutterstock_2013217163.jpg\" class=\"attachment-large size-large wp-image-49\" alt=\"\" srcset=\"https:\/\/atina-flos.pl\/wp-content\/uploads\/2023\/12\/shutterstock_2013217163.jpg 1000w, https:\/\/atina-flos.pl\/wp-content\/uploads\/2023\/12\/shutterstock_2013217163-300x200.jpg 300w, https:\/\/atina-flos.pl\/wp-content\/uploads\/2023\/12\/shutterstock_2013217163-768x512.jpg 768w\" sizes=\"(max-width: 800px) 100vw, 800px\" \/>\t\t\t\t\t\t\t\t\t\t\t\t\t\t\t<\/div>\n\t\t\t\t<\/div>\n\t\t\t\t<\/div>\n\t\t\t\t<\/div>\n\t\t\t\t<\/div>\n\t\t","protected":false},"excerpt":{"rendered":"<p>Kwiaciarnia Atina FlosKwiaciarnia blisko Ciebie Atina &#8211; Flos pasja do florystyki Kwiaty, k\u0142osy, kamienie, mchy, nawet skorupki ptasich jaj czy przydro\u017cne patyki bywaj\u0105 dla mnie inspiracj\u0105 do tworzenia niecodziennych kompozycji, bukiet\u00f3w, stroik\u00f3w. Czasem szukam natchnienia w parku, nad rzek\u0105, w brzozowym zagajniku, innym razem w centrum miejskiej metropolii. Jednak niezale\u017cnie od \u017ar\u00f3d\u0142a inspiracji, zawsze staram [&hellip;]<\/p>\n","protected":false},"author":1,"featured_media":0,"parent":0,"menu_order":0,"comment_status":"closed","ping_status":"closed","template":"","meta":{"footnotes":""},"_links":{"self":[{"href":"https:\/\/atina-flos.pl\/index.php?rest_route=\/wp\/v2\/pages\/24"}],"collection":[{"href":"https:\/\/atina-flos.pl\/index.php?rest_route=\/wp\/v2\/pages"}],"about":[{"href":"https:\/\/atina-flos.pl\/index.php?rest_route=\/wp\/v2\/types\/page"}],"author":[{"embeddable":true,"href":"https:\/\/atina-flos.pl\/index.php?rest_route=\/wp\/v2\/users\/1"}],"replies":[{"embeddable":true,"href":"https:\/\/atina-flos.pl\/index.php?rest_route=%2Fwp%2Fv2%2Fcomments&post=24"}],"version-history":[{"count":109,"href":"https:\/\/atina-flos.pl\/index.php?rest_route=\/wp\/v2\/pages\/24\/revisions"}],"predecessor-version":[{"id":683,"href":"https:\/\/atina-flos.pl\/index.php?rest_route=\/wp\/v2\/pages\/24\/revisions\/683"}],"wp:attachment":[{"href":"https:\/\/atina-flos.pl\/index.php?rest_route=%2Fwp%2Fv2%2Fmedia&parent=24"}],"curies":[{"name":"wp","href":"https:\/\/api.w.org\/{rel}","templated":true}]}}