{"id":474,"date":"2024-01-11T15:57:47","date_gmt":"2024-01-11T14:57:47","guid":{"rendered":"https:\/\/atina-flos.pl\/?page_id=474"},"modified":"2024-01-23T22:23:13","modified_gmt":"2024-01-23T21:23:13","slug":"wiazanki-pogrzebowe-kwiaty-zywe","status":"publish","type":"page","link":"https:\/\/atina-flos.pl\/?page_id=474","title":{"rendered":"Wi\u0105zanki pogrzebowe &#8211; kwiaty \u017cywe"},"content":{"rendered":"\t\t<div data-elementor-type=\"wp-page\" data-elementor-id=\"474\" class=\"elementor elementor-474\" data-elementor-post-type=\"page\">\n\t\t\t\t<div class=\"elementor-element elementor-element-c3d1f47 e-con-full e-flex e-con e-parent\" data-id=\"c3d1f47\" data-element_type=\"container\">\n\t\t\t\t<div class=\"elementor-element elementor-element-55e4b3e elementor--h-position-center elementor--v-position-middle elementor-widget elementor-widget-slides\" data-id=\"55e4b3e\" data-element_type=\"widget\" data-settings=\"{&quot;navigation&quot;:&quot;none&quot;,&quot;autoplay&quot;:&quot;yes&quot;,&quot;pause_on_hover&quot;:&quot;yes&quot;,&quot;pause_on_interaction&quot;:&quot;yes&quot;,&quot;autoplay_speed&quot;:5000,&quot;infinite&quot;:&quot;yes&quot;,&quot;transition&quot;:&quot;slide&quot;,&quot;transition_speed&quot;:500}\" data-widget_type=\"slides.default\">\n\t\t\t\t<div class=\"elementor-widget-container\">\n\t\t\t\t\t\t\t<div class=\"elementor-swiper\">\n\t\t\t<div class=\"elementor-slides-wrapper elementor-main-swiper swiper\" dir=\"ltr\" data-animation=\"fadeInUp\">\n\t\t\t\t<div class=\"swiper-wrapper elementor-slides\">\n\t\t\t\t\t\t\t\t\t\t<div class=\"elementor-repeater-item-805c0f2 swiper-slide\"><div class=\"swiper-slide-bg\" role=\"img\"><\/div><div class=\"elementor-background-overlay\"><\/div><div class=\"swiper-slide-inner\" ><div class=\"swiper-slide-contents\"><div class=\"elementor-slide-heading\">Oferta<\/div><div class=\"elementor-slide-description\">Wi\u0105zanki i wie\u0144ce pogrzebowe - kwiaty \u017cywe<\/div><\/div><\/div><\/div>\t\t\t\t<\/div>\n\t\t\t\t\t\t\t<\/div>\n\t\t<\/div>\n\t\t\t\t\t\t<\/div>\n\t\t\t\t<\/div>\n\t\t\t\t<\/div>\n\t\t<div class=\"elementor-element elementor-element-63c83f2 e-flex e-con-boxed e-con e-parent\" data-id=\"63c83f2\" data-element_type=\"container\">\n\t\t\t\t\t<div class=\"e-con-inner\">\n\t\t\t\t<div class=\"elementor-element elementor-element-e14563a elementor-widget elementor-widget-gallery\" data-id=\"e14563a\" data-element_type=\"widget\" data-settings=\"{&quot;aspect_ratio&quot;:&quot;1:1&quot;,&quot;columns_mobile&quot;:2,&quot;lazyload&quot;:&quot;yes&quot;,&quot;gallery_layout&quot;:&quot;grid&quot;,&quot;columns&quot;:4,&quot;columns_tablet&quot;:2,&quot;gap&quot;:{&quot;unit&quot;:&quot;px&quot;,&quot;size&quot;:10,&quot;sizes&quot;:[]},&quot;gap_tablet&quot;:{&quot;unit&quot;:&quot;px&quot;,&quot;size&quot;:10,&quot;sizes&quot;:[]},&quot;gap_mobile&quot;:{&quot;unit&quot;:&quot;px&quot;,&quot;size&quot;:10,&quot;sizes&quot;:[]},&quot;link_to&quot;:&quot;file&quot;,&quot;overlay_background&quot;:&quot;yes&quot;,&quot;content_hover_animation&quot;:&quot;fade-in&quot;}\" data-widget_type=\"gallery.default\">\n\t\t\t\t<div class=\"elementor-widget-container\">\n\t\t\t\t\t\t\t<div class=\"elementor-gallery__container\">\n\t\t\t\t\t\t\t<a class=\"e-gallery-item elementor-gallery-item elementor-animated-content\" href=\"https:\/\/atina-flos.pl\/wp-content\/uploads\/2024\/01\/wiazanki_i_wience_pogrzebowe55.png\" data-elementor-open-lightbox=\"yes\" data-elementor-lightbox-slideshow=\"e14563a\" data-elementor-lightbox-title=\"wiazanki_i_wience_pogrzebowe55\" data-e-action-hash=\"#elementor-action%3Aaction%3Dlightbox%26settings%3DeyJpZCI6NDk4LCJ1cmwiOiJodHRwczpcL1wvYXRpbmEtZmxvcy5wbFwvd3AtY29udGVudFwvdXBsb2Fkc1wvMjAyNFwvMDFcL3dpYXphbmtpX2lfd2llbmNlX3BvZ3J6ZWJvd2U1NS5wbmciLCJzbGlkZXNob3ciOiJlMTQ1NjNhIn0%3D\">\n\t\t\t\t\t<div class=\"e-gallery-image elementor-gallery-item__image\" data-thumbnail=\"https:\/\/atina-flos.pl\/wp-content\/uploads\/2024\/01\/wiazanki_i_wience_pogrzebowe55.png\" data-width=\"338\" data-height=\"600\" aria-label=\"\" role=\"img\" ><\/div>\n\t\t\t\t\t\t\t\t\t\t\t<div class=\"elementor-gallery-item__overlay\"><\/div>\n\t\t\t\t\t\t\t\t\t\t\t\t\t\t<\/a>\n\t\t\t\t\t\t\t<a class=\"e-gallery-item elementor-gallery-item elementor-animated-content\" href=\"https:\/\/atina-flos.pl\/wp-content\/uploads\/2024\/01\/20180809_185132-scaled.jpg\" data-elementor-open-lightbox=\"yes\" data-elementor-lightbox-slideshow=\"e14563a\" data-elementor-lightbox-title=\"20180809_185132\" data-e-action-hash=\"#elementor-action%3Aaction%3Dlightbox%26settings%3DeyJpZCI6NDk5LCJ1cmwiOiJodHRwczpcL1wvYXRpbmEtZmxvcy5wbFwvd3AtY29udGVudFwvdXBsb2Fkc1wvMjAyNFwvMDFcLzIwMTgwODA5XzE4NTEzMi1zY2FsZWQuanBnIiwic2xpZGVzaG93IjoiZTE0NTYzYSJ9\">\n\t\t\t\t\t<div class=\"e-gallery-image elementor-gallery-item__image\" data-thumbnail=\"https:\/\/atina-flos.pl\/wp-content\/uploads\/2024\/01\/20180809_185132-768x1024.jpg\" data-width=\"768\" data-height=\"1024\" aria-label=\"\" role=\"img\" ><\/div>\n\t\t\t\t\t\t\t\t\t\t\t<div class=\"elementor-gallery-item__overlay\"><\/div>\n\t\t\t\t\t\t\t\t\t\t\t\t\t\t<\/a>\n\t\t\t\t\t\t\t<a class=\"e-gallery-item elementor-gallery-item elementor-animated-content\" href=\"https:\/\/atina-flos.pl\/wp-content\/uploads\/2024\/01\/20191030_1242101-scaled.jpg\" data-elementor-open-lightbox=\"yes\" data-elementor-lightbox-slideshow=\"e14563a\" data-elementor-lightbox-title=\"20191030_124210(1)\" data-e-action-hash=\"#elementor-action%3Aaction%3Dlightbox%26settings%3DeyJpZCI6NTAwLCJ1cmwiOiJodHRwczpcL1wvYXRpbmEtZmxvcy5wbFwvd3AtY29udGVudFwvdXBsb2Fkc1wvMjAyNFwvMDFcLzIwMTkxMDMwXzEyNDIxMDEtc2NhbGVkLmpwZyIsInNsaWRlc2hvdyI6ImUxNDU2M2EifQ%3D%3D\">\n\t\t\t\t\t<div class=\"e-gallery-image elementor-gallery-item__image\" data-thumbnail=\"https:\/\/atina-flos.pl\/wp-content\/uploads\/2024\/01\/20191030_1242101-768x1662.jpg\" data-width=\"768\" data-height=\"1662\" aria-label=\"\" role=\"img\" ><\/div>\n\t\t\t\t\t\t\t\t\t\t\t<div class=\"elementor-gallery-item__overlay\"><\/div>\n\t\t\t\t\t\t\t\t\t\t\t\t\t\t<\/a>\n\t\t\t\t\t\t\t<a class=\"e-gallery-item elementor-gallery-item elementor-animated-content\" href=\"https:\/\/atina-flos.pl\/wp-content\/uploads\/2024\/01\/20210517_093534-scaled.jpg\" data-elementor-open-lightbox=\"yes\" data-elementor-lightbox-slideshow=\"e14563a\" data-elementor-lightbox-title=\"20210517_093534\" data-e-action-hash=\"#elementor-action%3Aaction%3Dlightbox%26settings%3DeyJpZCI6NTAxLCJ1cmwiOiJodHRwczpcL1wvYXRpbmEtZmxvcy5wbFwvd3AtY29udGVudFwvdXBsb2Fkc1wvMjAyNFwvMDFcLzIwMjEwNTE3XzA5MzUzNC1zY2FsZWQuanBnIiwic2xpZGVzaG93IjoiZTE0NTYzYSJ9\">\n\t\t\t\t\t<div class=\"e-gallery-image elementor-gallery-item__image\" data-thumbnail=\"https:\/\/atina-flos.pl\/wp-content\/uploads\/2024\/01\/20210517_093534-768x1704.jpg\" data-width=\"768\" data-height=\"1704\" aria-label=\"\" role=\"img\" ><\/div>\n\t\t\t\t\t\t\t\t\t\t\t<div class=\"elementor-gallery-item__overlay\"><\/div>\n\t\t\t\t\t\t\t\t\t\t\t\t\t\t<\/a>\n\t\t\t\t\t\t\t<a class=\"e-gallery-item elementor-gallery-item elementor-animated-content\" href=\"https:\/\/atina-flos.pl\/wp-content\/uploads\/2024\/01\/wiazanki_i_wience_pogrzebowe01-1.jpg\" data-elementor-open-lightbox=\"yes\" data-elementor-lightbox-slideshow=\"e14563a\" data-elementor-lightbox-title=\"wiazanki_i_wience_pogrzebowe01\" data-e-action-hash=\"#elementor-action%3Aaction%3Dlightbox%26settings%3DeyJpZCI6NjMzLCJ1cmwiOiJodHRwczpcL1wvYXRpbmEtZmxvcy5wbFwvd3AtY29udGVudFwvdXBsb2Fkc1wvMjAyNFwvMDFcL3dpYXphbmtpX2lfd2llbmNlX3BvZ3J6ZWJvd2UwMS0xLmpwZyIsInNsaWRlc2hvdyI6ImUxNDU2M2EifQ%3D%3D\">\n\t\t\t\t\t<div class=\"e-gallery-image elementor-gallery-item__image\" data-thumbnail=\"https:\/\/atina-flos.pl\/wp-content\/uploads\/2024\/01\/wiazanki_i_wience_pogrzebowe01-1.jpg\" data-width=\"450\" data-height=\"600\" aria-label=\"\" role=\"img\" ><\/div>\n\t\t\t\t\t\t\t\t\t\t\t<div class=\"elementor-gallery-item__overlay\"><\/div>\n\t\t\t\t\t\t\t\t\t\t\t\t\t\t<\/a>\n\t\t\t\t\t\t\t<a class=\"e-gallery-item elementor-gallery-item elementor-animated-content\" href=\"https:\/\/atina-flos.pl\/wp-content\/uploads\/2024\/01\/wiazanki_i_wience_pogrzebowe02-1.jpg\" data-elementor-open-lightbox=\"yes\" data-elementor-lightbox-slideshow=\"e14563a\" data-elementor-lightbox-title=\"wiazanki_i_wience_pogrzebowe02\" data-e-action-hash=\"#elementor-action%3Aaction%3Dlightbox%26settings%3DeyJpZCI6NjM0LCJ1cmwiOiJodHRwczpcL1wvYXRpbmEtZmxvcy5wbFwvd3AtY29udGVudFwvdXBsb2Fkc1wvMjAyNFwvMDFcL3dpYXphbmtpX2lfd2llbmNlX3BvZ3J6ZWJvd2UwMi0xLmpwZyIsInNsaWRlc2hvdyI6ImUxNDU2M2EifQ%3D%3D\">\n\t\t\t\t\t<div class=\"e-gallery-image elementor-gallery-item__image\" data-thumbnail=\"https:\/\/atina-flos.pl\/wp-content\/uploads\/2024\/01\/wiazanki_i_wience_pogrzebowe02-1.jpg\" data-width=\"338\" data-height=\"600\" aria-label=\"\" role=\"img\" ><\/div>\n\t\t\t\t\t\t\t\t\t\t\t<div class=\"elementor-gallery-item__overlay\"><\/div>\n\t\t\t\t\t\t\t\t\t\t\t\t\t\t<\/a>\n\t\t\t\t\t\t\t<a class=\"e-gallery-item elementor-gallery-item elementor-animated-content\" href=\"https:\/\/atina-flos.pl\/wp-content\/uploads\/2024\/01\/wiazanki_i_wience_pogrzebowe03-1.jpg\" data-elementor-open-lightbox=\"yes\" data-elementor-lightbox-slideshow=\"e14563a\" data-elementor-lightbox-title=\"wiazanki_i_wience_pogrzebowe03\" data-e-action-hash=\"#elementor-action%3Aaction%3Dlightbox%26settings%3DeyJpZCI6NjM1LCJ1cmwiOiJodHRwczpcL1wvYXRpbmEtZmxvcy5wbFwvd3AtY29udGVudFwvdXBsb2Fkc1wvMjAyNFwvMDFcL3dpYXphbmtpX2lfd2llbmNlX3BvZ3J6ZWJvd2UwMy0xLmpwZyIsInNsaWRlc2hvdyI6ImUxNDU2M2EifQ%3D%3D\">\n\t\t\t\t\t<div class=\"e-gallery-image elementor-gallery-item__image\" data-thumbnail=\"https:\/\/atina-flos.pl\/wp-content\/uploads\/2024\/01\/wiazanki_i_wience_pogrzebowe03-1.jpg\" data-width=\"338\" data-height=\"600\" aria-label=\"\" role=\"img\" ><\/div>\n\t\t\t\t\t\t\t\t\t\t\t<div class=\"elementor-gallery-item__overlay\"><\/div>\n\t\t\t\t\t\t\t\t\t\t\t\t\t\t<\/a>\n\t\t\t\t\t\t\t<a class=\"e-gallery-item elementor-gallery-item elementor-animated-content\" href=\"https:\/\/atina-flos.pl\/wp-content\/uploads\/2024\/01\/wiazanki_i_wience_pogrzebowe05-1.jpg\" data-elementor-open-lightbox=\"yes\" data-elementor-lightbox-slideshow=\"e14563a\" data-elementor-lightbox-title=\"wiazanki_i_wience_pogrzebowe05\" data-e-action-hash=\"#elementor-action%3Aaction%3Dlightbox%26settings%3DeyJpZCI6NjM2LCJ1cmwiOiJodHRwczpcL1wvYXRpbmEtZmxvcy5wbFwvd3AtY29udGVudFwvdXBsb2Fkc1wvMjAyNFwvMDFcL3dpYXphbmtpX2lfd2llbmNlX3BvZ3J6ZWJvd2UwNS0xLmpwZyIsInNsaWRlc2hvdyI6ImUxNDU2M2EifQ%3D%3D\">\n\t\t\t\t\t<div class=\"e-gallery-image elementor-gallery-item__image\" data-thumbnail=\"https:\/\/atina-flos.pl\/wp-content\/uploads\/2024\/01\/wiazanki_i_wience_pogrzebowe05-1.jpg\" data-width=\"338\" data-height=\"600\" aria-label=\"\" role=\"img\" ><\/div>\n\t\t\t\t\t\t\t\t\t\t\t<div class=\"elementor-gallery-item__overlay\"><\/div>\n\t\t\t\t\t\t\t\t\t\t\t\t\t\t<\/a>\n\t\t\t\t\t\t\t<a class=\"e-gallery-item elementor-gallery-item elementor-animated-content\" href=\"https:\/\/atina-flos.pl\/wp-content\/uploads\/2024\/01\/wiazanki_i_wience_pogrzebowe08-1.jpg\" data-elementor-open-lightbox=\"yes\" data-elementor-lightbox-slideshow=\"e14563a\" data-elementor-lightbox-title=\"wiazanki_i_wience_pogrzebowe08\" data-e-action-hash=\"#elementor-action%3Aaction%3Dlightbox%26settings%3DeyJpZCI6NjM3LCJ1cmwiOiJodHRwczpcL1wvYXRpbmEtZmxvcy5wbFwvd3AtY29udGVudFwvdXBsb2Fkc1wvMjAyNFwvMDFcL3dpYXphbmtpX2lfd2llbmNlX3BvZ3J6ZWJvd2UwOC0xLmpwZyIsInNsaWRlc2hvdyI6ImUxNDU2M2EifQ%3D%3D\">\n\t\t\t\t\t<div class=\"e-gallery-image elementor-gallery-item__image\" data-thumbnail=\"https:\/\/atina-flos.pl\/wp-content\/uploads\/2024\/01\/wiazanki_i_wience_pogrzebowe08-1.jpg\" data-width=\"338\" data-height=\"600\" aria-label=\"\" role=\"img\" ><\/div>\n\t\t\t\t\t\t\t\t\t\t\t<div class=\"elementor-gallery-item__overlay\"><\/div>\n\t\t\t\t\t\t\t\t\t\t\t\t\t\t<\/a>\n\t\t\t\t\t\t\t<a class=\"e-gallery-item elementor-gallery-item elementor-animated-content\" href=\"https:\/\/atina-flos.pl\/wp-content\/uploads\/2024\/01\/wiazanki_i_wience_pogrzebowe10-1.jpg\" data-elementor-open-lightbox=\"yes\" data-elementor-lightbox-slideshow=\"e14563a\" data-elementor-lightbox-title=\"wiazanki_i_wience_pogrzebowe10\" data-e-action-hash=\"#elementor-action%3Aaction%3Dlightbox%26settings%3DeyJpZCI6NjM4LCJ1cmwiOiJodHRwczpcL1wvYXRpbmEtZmxvcy5wbFwvd3AtY29udGVudFwvdXBsb2Fkc1wvMjAyNFwvMDFcL3dpYXphbmtpX2lfd2llbmNlX3BvZ3J6ZWJvd2UxMC0xLmpwZyIsInNsaWRlc2hvdyI6ImUxNDU2M2EifQ%3D%3D\">\n\t\t\t\t\t<div class=\"e-gallery-image elementor-gallery-item__image\" data-thumbnail=\"https:\/\/atina-flos.pl\/wp-content\/uploads\/2024\/01\/wiazanki_i_wience_pogrzebowe10-1.jpg\" data-width=\"338\" data-height=\"600\" aria-label=\"\" role=\"img\" ><\/div>\n\t\t\t\t\t\t\t\t\t\t\t<div class=\"elementor-gallery-item__overlay\"><\/div>\n\t\t\t\t\t\t\t\t\t\t\t\t\t\t<\/a>\n\t\t\t\t\t\t\t<a class=\"e-gallery-item elementor-gallery-item elementor-animated-content\" href=\"https:\/\/atina-flos.pl\/wp-content\/uploads\/2024\/01\/wiazanki_i_wience_pogrzebowe14-1.jpg\" data-elementor-open-lightbox=\"yes\" data-elementor-lightbox-slideshow=\"e14563a\" data-elementor-lightbox-title=\"wiazanki_i_wience_pogrzebowe14\" data-e-action-hash=\"#elementor-action%3Aaction%3Dlightbox%26settings%3DeyJpZCI6NjM5LCJ1cmwiOiJodHRwczpcL1wvYXRpbmEtZmxvcy5wbFwvd3AtY29udGVudFwvdXBsb2Fkc1wvMjAyNFwvMDFcL3dpYXphbmtpX2lfd2llbmNlX3BvZ3J6ZWJvd2UxNC0xLmpwZyIsInNsaWRlc2hvdyI6ImUxNDU2M2EifQ%3D%3D\">\n\t\t\t\t\t<div class=\"e-gallery-image elementor-gallery-item__image\" data-thumbnail=\"https:\/\/atina-flos.pl\/wp-content\/uploads\/2024\/01\/wiazanki_i_wience_pogrzebowe14-1.jpg\" data-width=\"450\" data-height=\"600\" aria-label=\"\" role=\"img\" ><\/div>\n\t\t\t\t\t\t\t\t\t\t\t<div class=\"elementor-gallery-item__overlay\"><\/div>\n\t\t\t\t\t\t\t\t\t\t\t\t\t\t<\/a>\n\t\t\t\t\t\t\t<a class=\"e-gallery-item elementor-gallery-item elementor-animated-content\" href=\"https:\/\/atina-flos.pl\/wp-content\/uploads\/2024\/01\/wiazanki_i_wience_pogrzebowe16-1.jpg\" data-elementor-open-lightbox=\"yes\" data-elementor-lightbox-slideshow=\"e14563a\" data-elementor-lightbox-title=\"wiazanki_i_wience_pogrzebowe16\" data-e-action-hash=\"#elementor-action%3Aaction%3Dlightbox%26settings%3DeyJpZCI6NjQwLCJ1cmwiOiJodHRwczpcL1wvYXRpbmEtZmxvcy5wbFwvd3AtY29udGVudFwvdXBsb2Fkc1wvMjAyNFwvMDFcL3dpYXphbmtpX2lfd2llbmNlX3BvZ3J6ZWJvd2UxNi0xLmpwZyIsInNsaWRlc2hvdyI6ImUxNDU2M2EifQ%3D%3D\">\n\t\t\t\t\t<div class=\"e-gallery-image elementor-gallery-item__image\" data-thumbnail=\"https:\/\/atina-flos.pl\/wp-content\/uploads\/2024\/01\/wiazanki_i_wience_pogrzebowe16-1.jpg\" data-width=\"450\" data-height=\"600\" aria-label=\"\" role=\"img\" ><\/div>\n\t\t\t\t\t\t\t\t\t\t\t<div class=\"elementor-gallery-item__overlay\"><\/div>\n\t\t\t\t\t\t\t\t\t\t\t\t\t\t<\/a>\n\t\t\t\t\t\t\t<a class=\"e-gallery-item elementor-gallery-item elementor-animated-content\" href=\"https:\/\/atina-flos.pl\/wp-content\/uploads\/2024\/01\/wiazanki_i_wience_pogrzebowe18-1.jpg\" data-elementor-open-lightbox=\"yes\" data-elementor-lightbox-slideshow=\"e14563a\" data-elementor-lightbox-title=\"wiazanki_i_wience_pogrzebowe18\" data-e-action-hash=\"#elementor-action%3Aaction%3Dlightbox%26settings%3DeyJpZCI6NjQxLCJ1cmwiOiJodHRwczpcL1wvYXRpbmEtZmxvcy5wbFwvd3AtY29udGVudFwvdXBsb2Fkc1wvMjAyNFwvMDFcL3dpYXphbmtpX2lfd2llbmNlX3BvZ3J6ZWJvd2UxOC0xLmpwZyIsInNsaWRlc2hvdyI6ImUxNDU2M2EifQ%3D%3D\">\n\t\t\t\t\t<div class=\"e-gallery-image elementor-gallery-item__image\" data-thumbnail=\"https:\/\/atina-flos.pl\/wp-content\/uploads\/2024\/01\/wiazanki_i_wience_pogrzebowe18-1.jpg\" data-width=\"450\" data-height=\"600\" aria-label=\"\" role=\"img\" ><\/div>\n\t\t\t\t\t\t\t\t\t\t\t<div class=\"elementor-gallery-item__overlay\"><\/div>\n\t\t\t\t\t\t\t\t\t\t\t\t\t\t<\/a>\n\t\t\t\t\t\t\t<a class=\"e-gallery-item elementor-gallery-item elementor-animated-content\" href=\"https:\/\/atina-flos.pl\/wp-content\/uploads\/2024\/01\/wiazanki_i_wience_pogrzebowe19-1.jpg\" data-elementor-open-lightbox=\"yes\" data-elementor-lightbox-slideshow=\"e14563a\" data-elementor-lightbox-title=\"wiazanki_i_wience_pogrzebowe19\" data-e-action-hash=\"#elementor-action%3Aaction%3Dlightbox%26settings%3DeyJpZCI6NjQyLCJ1cmwiOiJodHRwczpcL1wvYXRpbmEtZmxvcy5wbFwvd3AtY29udGVudFwvdXBsb2Fkc1wvMjAyNFwvMDFcL3dpYXphbmtpX2lfd2llbmNlX3BvZ3J6ZWJvd2UxOS0xLmpwZyIsInNsaWRlc2hvdyI6ImUxNDU2M2EifQ%3D%3D\">\n\t\t\t\t\t<div class=\"e-gallery-image elementor-gallery-item__image\" data-thumbnail=\"https:\/\/atina-flos.pl\/wp-content\/uploads\/2024\/01\/wiazanki_i_wience_pogrzebowe19-1.jpg\" data-width=\"525\" data-height=\"588\" aria-label=\"\" role=\"img\" ><\/div>\n\t\t\t\t\t\t\t\t\t\t\t<div class=\"elementor-gallery-item__overlay\"><\/div>\n\t\t\t\t\t\t\t\t\t\t\t\t\t\t<\/a>\n\t\t\t\t\t\t\t<a class=\"e-gallery-item elementor-gallery-item elementor-animated-content\" href=\"https:\/\/atina-flos.pl\/wp-content\/uploads\/2024\/01\/wiazanki_i_wience_pogrzebowe23-1.jpg\" data-elementor-open-lightbox=\"yes\" data-elementor-lightbox-slideshow=\"e14563a\" data-elementor-lightbox-title=\"wiazanki_i_wience_pogrzebowe23\" data-e-action-hash=\"#elementor-action%3Aaction%3Dlightbox%26settings%3DeyJpZCI6NjQzLCJ1cmwiOiJodHRwczpcL1wvYXRpbmEtZmxvcy5wbFwvd3AtY29udGVudFwvdXBsb2Fkc1wvMjAyNFwvMDFcL3dpYXphbmtpX2lfd2llbmNlX3BvZ3J6ZWJvd2UyMy0xLmpwZyIsInNsaWRlc2hvdyI6ImUxNDU2M2EifQ%3D%3D\">\n\t\t\t\t\t<div class=\"e-gallery-image elementor-gallery-item__image\" data-thumbnail=\"https:\/\/atina-flos.pl\/wp-content\/uploads\/2024\/01\/wiazanki_i_wience_pogrzebowe23-1.jpg\" data-width=\"342\" data-height=\"456\" aria-label=\"\" role=\"img\" ><\/div>\n\t\t\t\t\t\t\t\t\t\t\t<div class=\"elementor-gallery-item__overlay\"><\/div>\n\t\t\t\t\t\t\t\t\t\t\t\t\t\t<\/a>\n\t\t\t\t\t\t\t<a class=\"e-gallery-item elementor-gallery-item elementor-animated-content\" href=\"https:\/\/atina-flos.pl\/wp-content\/uploads\/2024\/01\/wiazanki_i_wience_pogrzebowe25-1.jpg\" data-elementor-open-lightbox=\"yes\" data-elementor-lightbox-slideshow=\"e14563a\" data-elementor-lightbox-title=\"wiazanki_i_wience_pogrzebowe25\" data-e-action-hash=\"#elementor-action%3Aaction%3Dlightbox%26settings%3DeyJpZCI6NjQ0LCJ1cmwiOiJodHRwczpcL1wvYXRpbmEtZmxvcy5wbFwvd3AtY29udGVudFwvdXBsb2Fkc1wvMjAyNFwvMDFcL3dpYXphbmtpX2lfd2llbmNlX3BvZ3J6ZWJvd2UyNS0xLmpwZyIsInNsaWRlc2hvdyI6ImUxNDU2M2EifQ%3D%3D\">\n\t\t\t\t\t<div class=\"e-gallery-image elementor-gallery-item__image\" data-thumbnail=\"https:\/\/atina-flos.pl\/wp-content\/uploads\/2024\/01\/wiazanki_i_wience_pogrzebowe25-1.jpg\" data-width=\"547\" data-height=\"666\" aria-label=\"\" role=\"img\" ><\/div>\n\t\t\t\t\t\t\t\t\t\t\t<div class=\"elementor-gallery-item__overlay\"><\/div>\n\t\t\t\t\t\t\t\t\t\t\t\t\t\t<\/a>\n\t\t\t\t\t\t\t<a class=\"e-gallery-item elementor-gallery-item elementor-animated-content\" href=\"https:\/\/atina-flos.pl\/wp-content\/uploads\/2024\/01\/wiazanki_i_wience_pogrzebowe27-1.jpg\" data-elementor-open-lightbox=\"yes\" data-elementor-lightbox-slideshow=\"e14563a\" data-elementor-lightbox-title=\"wiazanki_i_wience_pogrzebowe27\" data-e-action-hash=\"#elementor-action%3Aaction%3Dlightbox%26settings%3DeyJpZCI6NjQ1LCJ1cmwiOiJodHRwczpcL1wvYXRpbmEtZmxvcy5wbFwvd3AtY29udGVudFwvdXBsb2Fkc1wvMjAyNFwvMDFcL3dpYXphbmtpX2lfd2llbmNlX3BvZ3J6ZWJvd2UyNy0xLmpwZyIsInNsaWRlc2hvdyI6ImUxNDU2M2EifQ%3D%3D\">\n\t\t\t\t\t<div class=\"e-gallery-image elementor-gallery-item__image\" data-thumbnail=\"https:\/\/atina-flos.pl\/wp-content\/uploads\/2024\/01\/wiazanki_i_wience_pogrzebowe27-1.jpg\" data-width=\"600\" data-height=\"450\" aria-label=\"\" role=\"img\" ><\/div>\n\t\t\t\t\t\t\t\t\t\t\t<div class=\"elementor-gallery-item__overlay\"><\/div>\n\t\t\t\t\t\t\t\t\t\t\t\t\t\t<\/a>\n\t\t\t\t\t\t\t<a class=\"e-gallery-item elementor-gallery-item elementor-animated-content\" href=\"https:\/\/atina-flos.pl\/wp-content\/uploads\/2024\/01\/wiazanki_i_wience_pogrzebowe31-1.jpg\" data-elementor-open-lightbox=\"yes\" data-elementor-lightbox-slideshow=\"e14563a\" data-elementor-lightbox-title=\"wiazanki_i_wience_pogrzebowe31\" data-e-action-hash=\"#elementor-action%3Aaction%3Dlightbox%26settings%3DeyJpZCI6NjQ2LCJ1cmwiOiJodHRwczpcL1wvYXRpbmEtZmxvcy5wbFwvd3AtY29udGVudFwvdXBsb2Fkc1wvMjAyNFwvMDFcL3dpYXphbmtpX2lfd2llbmNlX3BvZ3J6ZWJvd2UzMS0xLmpwZyIsInNsaWRlc2hvdyI6ImUxNDU2M2EifQ%3D%3D\">\n\t\t\t\t\t<div class=\"e-gallery-image elementor-gallery-item__image\" data-thumbnail=\"https:\/\/atina-flos.pl\/wp-content\/uploads\/2024\/01\/wiazanki_i_wience_pogrzebowe31-1.jpg\" data-width=\"519\" data-height=\"661\" aria-label=\"\" role=\"img\" ><\/div>\n\t\t\t\t\t\t\t\t\t\t\t<div class=\"elementor-gallery-item__overlay\"><\/div>\n\t\t\t\t\t\t\t\t\t\t\t\t\t\t<\/a>\n\t\t\t\t\t\t\t<a class=\"e-gallery-item elementor-gallery-item elementor-animated-content\" href=\"https:\/\/atina-flos.pl\/wp-content\/uploads\/2024\/01\/wiazanki_i_wience_pogrzebowe34-1.jpg\" data-elementor-open-lightbox=\"yes\" data-elementor-lightbox-slideshow=\"e14563a\" data-elementor-lightbox-title=\"wiazanki_i_wience_pogrzebowe34\" data-e-action-hash=\"#elementor-action%3Aaction%3Dlightbox%26settings%3DeyJpZCI6NjQ3LCJ1cmwiOiJodHRwczpcL1wvYXRpbmEtZmxvcy5wbFwvd3AtY29udGVudFwvdXBsb2Fkc1wvMjAyNFwvMDFcL3dpYXphbmtpX2lfd2llbmNlX3BvZ3J6ZWJvd2UzNC0xLmpwZyIsInNsaWRlc2hvdyI6ImUxNDU2M2EifQ%3D%3D\">\n\t\t\t\t\t<div class=\"e-gallery-image elementor-gallery-item__image\" data-thumbnail=\"https:\/\/atina-flos.pl\/wp-content\/uploads\/2024\/01\/wiazanki_i_wience_pogrzebowe34-1.jpg\" data-width=\"655\" data-height=\"536\" aria-label=\"\" role=\"img\" ><\/div>\n\t\t\t\t\t\t\t\t\t\t\t<div class=\"elementor-gallery-item__overlay\"><\/div>\n\t\t\t\t\t\t\t\t\t\t\t\t\t\t<\/a>\n\t\t\t\t\t\t\t<a class=\"e-gallery-item elementor-gallery-item elementor-animated-content\" href=\"https:\/\/atina-flos.pl\/wp-content\/uploads\/2024\/01\/wiazanki_i_wience_pogrzebowe35-1.jpg\" data-elementor-open-lightbox=\"yes\" data-elementor-lightbox-slideshow=\"e14563a\" data-elementor-lightbox-title=\"wiazanki_i_wience_pogrzebowe35\" data-e-action-hash=\"#elementor-action%3Aaction%3Dlightbox%26settings%3DeyJpZCI6NjQ4LCJ1cmwiOiJodHRwczpcL1wvYXRpbmEtZmxvcy5wbFwvd3AtY29udGVudFwvdXBsb2Fkc1wvMjAyNFwvMDFcL3dpYXphbmtpX2lfd2llbmNlX3BvZ3J6ZWJvd2UzNS0xLmpwZyIsInNsaWRlc2hvdyI6ImUxNDU2M2EifQ%3D%3D\">\n\t\t\t\t\t<div class=\"e-gallery-image elementor-gallery-item__image\" data-thumbnail=\"https:\/\/atina-flos.pl\/wp-content\/uploads\/2024\/01\/wiazanki_i_wience_pogrzebowe35-1.jpg\" data-width=\"600\" data-height=\"450\" aria-label=\"\" role=\"img\" ><\/div>\n\t\t\t\t\t\t\t\t\t\t\t<div class=\"elementor-gallery-item__overlay\"><\/div>\n\t\t\t\t\t\t\t\t\t\t\t\t\t\t<\/a>\n\t\t\t\t\t\t\t<a class=\"e-gallery-item elementor-gallery-item elementor-animated-content\" href=\"https:\/\/atina-flos.pl\/wp-content\/uploads\/2024\/01\/wiazanki_i_wience_pogrzebowe52-1.png\" data-elementor-open-lightbox=\"yes\" data-elementor-lightbox-slideshow=\"e14563a\" data-elementor-lightbox-title=\"wiazanki_i_wience_pogrzebowe52\" data-e-action-hash=\"#elementor-action%3Aaction%3Dlightbox%26settings%3DeyJpZCI6NjQ5LCJ1cmwiOiJodHRwczpcL1wvYXRpbmEtZmxvcy5wbFwvd3AtY29udGVudFwvdXBsb2Fkc1wvMjAyNFwvMDFcL3dpYXphbmtpX2lfd2llbmNlX3BvZ3J6ZWJvd2U1Mi0xLnBuZyIsInNsaWRlc2hvdyI6ImUxNDU2M2EifQ%3D%3D\">\n\t\t\t\t\t<div class=\"e-gallery-image elementor-gallery-item__image\" data-thumbnail=\"https:\/\/atina-flos.pl\/wp-content\/uploads\/2024\/01\/wiazanki_i_wience_pogrzebowe52-1.png\" data-width=\"450\" data-height=\"600\" aria-label=\"\" role=\"img\" ><\/div>\n\t\t\t\t\t\t\t\t\t\t\t<div class=\"elementor-gallery-item__overlay\"><\/div>\n\t\t\t\t\t\t\t\t\t\t\t\t\t\t<\/a>\n\t\t\t\t\t\t\t<a class=\"e-gallery-item elementor-gallery-item elementor-animated-content\" href=\"https:\/\/atina-flos.pl\/wp-content\/uploads\/2024\/01\/pogrzebw-2-scaled.jpg\" data-elementor-open-lightbox=\"yes\" data-elementor-lightbox-slideshow=\"e14563a\" data-elementor-lightbox-title=\"pogrzebw 2\" data-e-action-hash=\"#elementor-action%3Aaction%3Dlightbox%26settings%3DeyJpZCI6NjYxLCJ1cmwiOiJodHRwczpcL1wvYXRpbmEtZmxvcy5wbFwvd3AtY29udGVudFwvdXBsb2Fkc1wvMjAyNFwvMDFcL3BvZ3J6ZWJ3LTItc2NhbGVkLmpwZyIsInNsaWRlc2hvdyI6ImUxNDU2M2EifQ%3D%3D\">\n\t\t\t\t\t<div class=\"e-gallery-image elementor-gallery-item__image\" data-thumbnail=\"https:\/\/atina-flos.pl\/wp-content\/uploads\/2024\/01\/pogrzebw-2-768x1704.jpg\" data-width=\"768\" data-height=\"1704\" aria-label=\"\" role=\"img\" ><\/div>\n\t\t\t\t\t\t\t\t\t\t\t<div class=\"elementor-gallery-item__overlay\"><\/div>\n\t\t\t\t\t\t\t\t\t\t\t\t\t\t<\/a>\n\t\t\t\t\t\t\t<a class=\"e-gallery-item elementor-gallery-item elementor-animated-content\" href=\"https:\/\/atina-flos.pl\/wp-content\/uploads\/2024\/01\/Pogrzeb-w-scaled.jpg\" data-elementor-open-lightbox=\"yes\" data-elementor-lightbox-slideshow=\"e14563a\" data-elementor-lightbox-title=\"Pogrzeb w\" data-e-action-hash=\"#elementor-action%3Aaction%3Dlightbox%26settings%3DeyJpZCI6NjYyLCJ1cmwiOiJodHRwczpcL1wvYXRpbmEtZmxvcy5wbFwvd3AtY29udGVudFwvdXBsb2Fkc1wvMjAyNFwvMDFcL1BvZ3J6ZWItdy1zY2FsZWQuanBnIiwic2xpZGVzaG93IjoiZTE0NTYzYSJ9\">\n\t\t\t\t\t<div class=\"e-gallery-image elementor-gallery-item__image\" data-thumbnail=\"https:\/\/atina-flos.pl\/wp-content\/uploads\/2024\/01\/Pogrzeb-w-768x1704.jpg\" data-width=\"768\" data-height=\"1704\" aria-label=\"\" role=\"img\" ><\/div>\n\t\t\t\t\t\t\t\t\t\t\t<div class=\"elementor-gallery-item__overlay\"><\/div>\n\t\t\t\t\t\t\t\t\t\t\t\t\t\t<\/a>\n\t\t\t\t\t<\/div>\n\t\t\t\t\t<\/div>\n\t\t\t\t<\/div>\n\t\t\t\t\t<\/div>\n\t\t\t\t<\/div>\n\t\t\t\t<\/div>\n\t\t","protected":false},"excerpt":{"rendered":"<p>OfertaWi\u0105zanki i wie\u0144ce pogrzebowe &#8211; kwiaty \u017cywe<\/p>\n","protected":false},"author":1,"featured_media":0,"parent":161,"menu_order":0,"comment_status":"closed","ping_status":"closed","template":"","meta":{"footnotes":""},"_links":{"self":[{"href":"https:\/\/atina-flos.pl\/index.php?rest_route=\/wp\/v2\/pages\/474"}],"collection":[{"href":"https:\/\/atina-flos.pl\/index.php?rest_route=\/wp\/v2\/pages"}],"about":[{"href":"https:\/\/atina-flos.pl\/index.php?rest_route=\/wp\/v2\/types\/page"}],"author":[{"embeddable":true,"href":"https:\/\/atina-flos.pl\/index.php?rest_route=\/wp\/v2\/users\/1"}],"replies":[{"embeddable":true,"href":"https:\/\/atina-flos.pl\/index.php?rest_route=%2Fwp%2Fv2%2Fcomments&post=474"}],"version-history":[{"count":19,"href":"https:\/\/atina-flos.pl\/index.php?rest_route=\/wp\/v2\/pages\/474\/revisions"}],"predecessor-version":[{"id":723,"href":"https:\/\/atina-flos.pl\/index.php?rest_route=\/wp\/v2\/pages\/474\/revisions\/723"}],"up":[{"embeddable":true,"href":"https:\/\/atina-flos.pl\/index.php?rest_route=\/wp\/v2\/pages\/161"}],"wp:attachment":[{"href":"https:\/\/atina-flos.pl\/index.php?rest_route=%2Fwp%2Fv2%2Fmedia&parent=474"}],"curies":[{"name":"wp","href":"https:\/\/api.w.org\/{rel}","templated":true}]}}